{"id":141,"date":"2014-11-11T10:49:05","date_gmt":"2014-11-11T10:49:05","guid":{"rendered":"https:\/\/serra-grandpalais.fr\/?page_id=2"},"modified":"2026-02-16T18:28:47","modified_gmt":"2026-02-16T17:28:47","slug":"home","status":"publish","type":"page","link":"https:\/\/serra-grandpalais.fr\/","title":{"rendered":"Home"},"content":{"rendered":"<p><img decoding=\"async\" src=\"https:\/\/serra-grandpalais.fr\/wp-content\/uploads\/2026\/02\/serra-home-site.jpg\" alt=\"serra MDF biosourc\u00e9e\" \/><\/p>\n<h2>Le projet<\/h2>\n<\/p>\n<p>Serra est un projet de design durable d\u00e9velopp\u00e9 par des \u00e9tudiants de l\u2019\u00c9cole Camondo \u00e0 Paris. En collaboration avec Unilin et Evertree, il explore l\u2019int\u00e9gration de r\u00e9sines v\u00e9g\u00e9tales dans le MDF afin de r\u00e9v\u00e9ler la richesse des mat\u00e9riaux biosourc\u00e9s \u00e0 travers des poign\u00e9es de mobilier.<\/p>\n<h4>Con\u00e7u en collaboration avec Unilin et Evertree:<\/h4>\n<\/p>\n<h6>Notre projet explore comment rendre visible l\u2019invisible :<\/h6>\n<p>R\u00e9v\u00e9ler la richesse biosourc\u00e9e des panneaux dont la mati\u00e8re dispara\u00eet une fois finie.Nous avons choisi de cr\u00e9er une gamme de poign\u00e9es de placards,objets sensoriels et symboliques, o\u00f9 copeaux de panneaux et r\u00e9sine biosourc\u00e9e s\u2019exposent dans un jeu de textures et de transparences.Chaque poign\u00e9e associe un socle en MDF brut, ancr\u00e9 dans le savoir-faire d\u2019Unilin, et un b\u00e2ton modulable incarnant Evertree,traduisant la compl\u00e9mentarit\u00e9 de leurs innovations et offrant \u00e0 l\u2019utilisateur un contact direct avec la mati\u00e8re.<\/p>\n<p>&nbsp;<\/p>\n<p><img decoding=\"async\" src=\"https:\/\/serra-grandpalais.fr\/wp-content\/uploads\/2026\/02\/Serra-profil.jpg\" alt=\"SERRA grand palais\" \/><\/p>\n<h2>Pr\u00e9sentation de la mati\u00e8re \/ Evertree &amp; Unilin<\/h2>\n<p>A handmade furniture made with passion for people with passion<\/p>\n<h3>Evertree<\/h3>\n<p><a href=\"https:\/\/www.evertree-technologies.com\/\">Evertree<\/a> est une entreprise fran\u00e7aise sp\u00e9cialis\u00e9e dans la chimie verte appliqu\u00e9e aux mat\u00e9riaux Leur innovation repose sur le d\u00e9veloppement de r\u00e9sines v\u00e9g\u00e9tales issues de graines de tournesol et de colza, utilis\u00e9es comme liants dans la fabrication de panneaux MDF (M\u00e9dium Densit\u00e9 Fireboard). Evertree incarne une nouvelle g\u00e9n\u00e9ration d&rsquo;acteurs qui acc\u00e9l\u00e8rent la transition vers un mobilier durable et respectueux de la plan\u00e8te.<\/p>\n<p><a href=\"https:\/\/www.evertree-technologies.com\/\" target=\"_blank\" title=\"\">En savoir +<\/a>\n<\/p>\n<h3>Unilin<\/h3>\n<p><a href=\"https:\/\/www.unilin.com\/fr\">Unilin<\/a> est un groupe industriel belge reconnu dans le domaine des solutions bois et panneaux d\u00e9coratifs.<\/p>\n<p>En collaboration avec Evertree, Unilin d\u00e9veloppe une nouvelle gamme de panneaux MDF biosourc\u00e9s int\u00e9grant ces r\u00e9sines v\u00e9g\u00e9tales innovantes.<\/p>\n<p><a href=\"https:\/\/www.unilin.com\/fr\" target=\"_blank\" title=\"\">En savoir +<\/a>\n<\/p>\n<p>\t\t\t\t#sc_gallery-2135 {<br \/>\n\t\t\t\t\tmargin: auto;<br \/>\n\t\t\t\t}<br \/>\n\t\t\t\t#sc_gallery-2135 .gallery-item {<br \/>\n\t\t\t\t\tfloat: left;<br \/>\n\t\t\t\t\ttext-align: center;<br \/>\n\t\t\t\t\twidth: 49.99%;<br \/>\n\t\t\t\t}<br \/>\n\t\t\t\t#sc_gallery-2135 img {<br \/>\n\t\t\t\t\tborder: 2px solid #cfcfcf;<br \/>\n\t\t\t\t}<br \/>\n\t\t\t\t\/* see sc_gallery() in functions\/theme-shortcodes.php *\/<\/p>\n<p>\t\t\t\t\t<a href='https:\/\/serra-grandpalais.fr\/wp-content\/uploads\/2026\/02\/Serra-entreprise-evertree-copeaux.jpg'><img decoding=\"async\" src=\"https:\/\/serra-grandpalais.fr\/wp-content\/uploads\/2026\/02\/Serra-entreprise-evertree-copeaux.jpg\" alt=\"design \u00c9cole Camondo Paris\" \/><\/a><\/p>\n<p>\t\t\t\t\t<a href='https:\/\/serra-grandpalais.fr\/wp-content\/uploads\/2026\/02\/Serra-entreprise-champs-de-mais.jpg'><img decoding=\"async\" src=\"https:\/\/serra-grandpalais.fr\/wp-content\/uploads\/2026\/02\/Serra-entreprise-champs-de-mais.jpg\" alt=\"design \u00c9cole Camondo Paris\" \/><\/a><\/p>\n<p>\t\t\t\t\t<a href='https:\/\/serra-grandpalais.fr\/wp-content\/uploads\/2026\/02\/Serra-entreprise-evertree.jpg'><img decoding=\"async\" src=\"https:\/\/serra-grandpalais.fr\/wp-content\/uploads\/2026\/02\/Serra-entreprise-evertree.jpg\" alt=\"r\u00e9sine v\u00e9g\u00e9tale\" \/><\/a><\/p>\n<p>\t\t\t\t\t<a href='https:\/\/serra-grandpalais.fr\/wp-content\/uploads\/2026\/02\/Serra-entreprise.jpg'><img decoding=\"async\" src=\"https:\/\/serra-grandpalais.fr\/wp-content\/uploads\/2026\/02\/Serra-entreprise.jpg\" alt=\"Serra\" \/><\/a><\/p>\n<h2>La r\u00e9sine v\u00e9g\u00e9tale<\/h2>\n<p>Nous avons choisi de placer la r\u00e9sine<br \/>\nv\u00e9g\u00e9tale au c\u0153ur du projet car elle incarne un<br \/>\nchangement discret mais fondamental dans la<br \/>\nmani\u00e8re de produire. En la rendant visible et<br \/>\ntangible \u00e0 travers un objet du quotidien, nous<br \/>\navons voulu r\u00e9v\u00e9ler une mati\u00e8re engag\u00e9e,<br \/>\nsouvent ignor\u00e9e, et questionner notre rapport<br \/>\naux mat\u00e9riaux que nous manipulons chaque<br \/>\njour.<\/p>\n<h3>Premi\u00e8res exp\u00e9rimentations<\/h3>\n<p><img decoding=\"async\" src=\"https:\/\/serra-grandpalais.fr\/wp-content\/uploads\/2026\/02\/cassse-serra-bloc.jpg#181\" alt=\"Exp\u00e9rimentation de copeaux de MDF int\u00e9gr\u00e9s dans une r\u00e9sine pour projet de design biosourc\u00e9 Serra\" \/><\/p>\n<h3>D\u00e9coupe des copeaux<\/h3>\n<p><img decoding=\"async\" src=\"https:\/\/serra-grandpalais.fr\/wp-content\/uploads\/2026\/02\/Serra-grand-palais.jpg#182\" alt=\"Exp\u00e9rimentation de copeaux de MDF int\u00e9gr\u00e9s dans une r\u00e9sine pour projet de design biosourc\u00e9 Serra\" \/><\/p>\n<h3>Coll\u00e9 de la r\u00e9sine dans le moule <\/h3>\n<p><img decoding=\"async\" src=\"https:\/\/serra-grandpalais.fr\/wp-content\/uploads\/2026\/02\/Serra-matiere.jpg#157\" alt=\"Serra MDF biosourc\u00e9\" \/><\/p>\n<h3>Teste copeaux dans la r\u00e9sine<\/h3>\n<p>Nous avons men\u00e9 une s\u00e9rie de tests \u00e0 partir de copeaux de MDF, d\u00e9coup\u00e9s puis broy\u00e9s plus ou moins finement afin d\u2019obtenir diff\u00e9rentes granulom\u00e9tries. Ces variations nous ont permis d\u2019explorer des textures et des lectures de mati\u00e8re contrast\u00e9es.<\/p>\n<p>Ne pouvant pas nous procurer la r\u00e9sine d\u00e9velopp\u00e9e par Evertr\u00e9e, nous avons int\u00e9gr\u00e9 ces copeaux dans une r\u00e9sine standard achet\u00e9e pour l\u2019exp\u00e9rimentation. Ce processus nous a n\u00e9anmoins permis de mettre en \u00e9vidence le r\u00f4le du liant, de rendre la mati\u00e8re visible et de poser les bases formelles et sensibles du projet SERRA.<\/p>\n<h3><img decoding=\"async\" src=\"https:\/\/serra-grandpalais.fr\/wp-content\/uploads\/2026\/02\/Serra-copeaux-333x500.jpg\" alt=\"D\u00e9coupe et broyage de copeaux de MDF pour tests de textures et granulom\u00e9trie\" \/>\u00a0<\/h3>\n<p>\u00a0<\/p>\n<h3><img decoding=\"async\" src=\"https:\/\/serra-grandpalais.fr\/wp-content\/uploads\/2026\/02\/Serra-copeaux-poudre-333x500.jpg\" alt=\"r\u00e9sine v\u00e9g\u00e9tale\" \/>\u00a0<\/h3>\n<p>\u00a0<img decoding=\"async\" src=\"https:\/\/serra-grandpalais.fr\/wp-content\/uploads\/2026\/02\/Serra-etape.jpg#147\" alt=\"serra prototype\" \/><\/p>\n<h3>PROTOTYPE<\/h3>\n<h3>Nouvelles exp\u00e9rimentations :  copeaux de bois &amp; r\u00e9sine<\/h3>\n<p>\t\t\t\t#sc_gallery-6315 {<br \/>\n\t\t\t\t\tmargin: auto;<br \/>\n\t\t\t\t}<br \/>\n\t\t\t\t#sc_gallery-6315 .gallery-item {<br \/>\n\t\t\t\t\tfloat: left;<br \/>\n\t\t\t\t\ttext-align: center;<br \/>\n\t\t\t\t\twidth: 24.99%;<br \/>\n\t\t\t\t}<br \/>\n\t\t\t\t#sc_gallery-6315 img {<br \/>\n\t\t\t\t\tborder: 2px solid #cfcfcf;<br \/>\n\t\t\t\t}<br \/>\n\t\t\t\t\/* see sc_gallery() in functions\/theme-shortcodes.php *\/<\/p>\n<p>\t\t\t\t\t<a href='https:\/\/serra-grandpalais.fr\/wp-content\/uploads\/2026\/02\/Serra-elaboration-patron.jpg'><img decoding=\"async\" src=\"https:\/\/serra-grandpalais.fr\/wp-content\/uploads\/2026\/02\/Serra-elaboration-patron.jpg\" alt=\"Test de textures bois et r\u00e9sine r\u00e9v\u00e9lant la mati\u00e8re biosourc\u00e9e du projet Serra\" \/><\/a><\/p>\n<p>\t\t\t\t\t<a href='https:\/\/serra-grandpalais.fr\/wp-content\/uploads\/2026\/02\/Serra-casse-panneau-en-copeaux.jpg'><img decoding=\"async\" src=\"https:\/\/serra-grandpalais.fr\/wp-content\/uploads\/2026\/02\/Serra-casse-panneau-en-copeaux.jpg\" alt=\"serra\" \/><\/a><\/p>\n<p>\t\t\t\t\t<a href='https:\/\/serra-grandpalais.fr\/wp-content\/uploads\/2026\/02\/Serra-creation-copeau.jpg'><img decoding=\"async\" src=\"https:\/\/serra-grandpalais.fr\/wp-content\/uploads\/2026\/02\/Serra-creation-copeau.jpg\" alt=\"MDF biosourc\u00e9\" \/><\/a><\/p>\n<p>\t\t\t\t\t<a href='https:\/\/serra-grandpalais.fr\/wp-content\/uploads\/2026\/02\/Serra-copeaux-en-poudre.jpg'><img decoding=\"async\" src=\"https:\/\/serra-grandpalais.fr\/wp-content\/uploads\/2026\/02\/Serra-copeaux-en-poudre.jpg\" alt=\"MDF biosourc\u00e9\" \/><\/a><\/p>\n<p>\t\t\t\t\t<a href='https:\/\/serra-grandpalais.fr\/wp-content\/uploads\/2026\/02\/serra-melange-resine-sur-poudre.jpg'><img decoding=\"async\" src=\"https:\/\/serra-grandpalais.fr\/wp-content\/uploads\/2026\/02\/serra-melange-resine-sur-poudre.jpg\" alt=\"poign\u00e9es en MDF\" \/><\/a><\/p>\n<p>\t\t\t\t\t<a href='https:\/\/serra-grandpalais.fr\/wp-content\/uploads\/2026\/02\/Serra-preparation-copeau-resine.jpg'><img decoding=\"async\" src=\"https:\/\/serra-grandpalais.fr\/wp-content\/uploads\/2026\/02\/Serra-preparation-copeau-resine.jpg\" alt=\"poign\u00e9es en MDF\" \/><\/a><\/p>\n<p>\t\t\t\t\t<a href='https:\/\/serra-grandpalais.fr\/wp-content\/uploads\/2026\/02\/Serra-coloration-resine.jpg'><img decoding=\"async\" src=\"https:\/\/serra-grandpalais.fr\/wp-content\/uploads\/2026\/02\/Serra-coloration-resine.jpg\" alt=\"exp\u00e9rimentation copeaux bois r\u00e9sine\" \/><\/a><\/p>\n<h3>R\u00e9sultat poignet final + Test<\/h3>\n<p>\t\t\t\t#sc_gallery-6902 {<br \/>\n\t\t\t\t\tmargin: auto;<br \/>\n\t\t\t\t}<br \/>\n\t\t\t\t#sc_gallery-6902 .gallery-item {<br \/>\n\t\t\t\t\tfloat: left;<br \/>\n\t\t\t\t\ttext-align: center;<br \/>\n\t\t\t\t\twidth: 33.33%;<br \/>\n\t\t\t\t}<br \/>\n\t\t\t\t#sc_gallery-6902 img {<br \/>\n\t\t\t\t\tborder: 2px solid #cfcfcf;<br \/>\n\t\t\t\t}<br \/>\n\t\t\t\t\/* see sc_gallery() in functions\/theme-shortcodes.php *\/<\/p>\n<p>\t\t\t\t\t<a href='https:\/\/serra-grandpalais.fr\/wp-content\/uploads\/2026\/02\/SERRA-Home.jpg'><img decoding=\"async\" src=\"https:\/\/serra-grandpalais.fr\/wp-content\/uploads\/2026\/02\/SERRA-Home.jpg\" alt=\"Prototype final de poign\u00e9e en MDF brut et r\u00e9sine biosourc\u00e9e \u2013 projet Serra \u00c9cole Camondo\" \/><\/a><\/p>\n<p>\t\t\t\t\t<a href='https:\/\/serra-grandpalais.fr\/wp-content\/uploads\/2026\/02\/Serra-proto.jpg'><img decoding=\"async\" src=\"https:\/\/serra-grandpalais.fr\/wp-content\/uploads\/2026\/02\/Serra-proto.jpg\" alt=\"Prototype final de poign\u00e9e en MDF brut et r\u00e9sine biosourc\u00e9e \u2013 projet Serra \u00c9cole Camondo\" \/><\/a><\/p>\n<p>\t\t\t\t\t<a href='https:\/\/serra-grandpalais.fr\/wp-content\/uploads\/2026\/02\/Serra-prototype.jpg'><img decoding=\"async\" src=\"https:\/\/serra-grandpalais.fr\/wp-content\/uploads\/2026\/02\/Serra-prototype.jpg\" alt=\"Prototype final de poign\u00e9e en MDF brut et r\u00e9sine biosourc\u00e9e \u2013 projet Serra \u00c9cole Camondo\" \/><\/a><\/p>\n<p>\t\t\t\t\t<a href='https:\/\/serra-grandpalais.fr\/wp-content\/uploads\/2026\/02\/SERRA-image-3D.jpg'><img decoding=\"async\" src=\"https:\/\/serra-grandpalais.fr\/wp-content\/uploads\/2026\/02\/SERRA-image-3D.jpg\" alt=\"Prototype final de poign\u00e9e en MDF brut et r\u00e9sine biosourc\u00e9e \u2013 projet Serra \u00c9cole Camondo\" \/><\/a><\/p>\n<p>\t\t\t\t\t<a href='https:\/\/serra-grandpalais.fr\/wp-content\/uploads\/2026\/02\/SERRA-beige-image-3D.jpg'><img decoding=\"async\" src=\"https:\/\/serra-grandpalais.fr\/wp-content\/uploads\/2026\/02\/SERRA-beige-image-3D.jpg\" alt=\"Prototype final de poign\u00e9e en MDF brut et r\u00e9sine biosourc\u00e9e \u2013 projet Serra \u00c9cole Camondo\" \/><\/a><\/p>\n<p>\t\t\t\t\t<a href='https:\/\/serra-grandpalais.fr\/wp-content\/uploads\/2026\/02\/serra-ouverture.jpg'><img decoding=\"async\" src=\"https:\/\/serra-grandpalais.fr\/wp-content\/uploads\/2026\/02\/serra-ouverture.jpg\" alt=\"Prototype final de poign\u00e9e en MDF brut et r\u00e9sine biosourc\u00e9e \u2013 projet Serra \u00c9cole Camondo\" \/><\/a><\/p>\n<h2>A propos \/ cr\u00e9dit<\/h2>\n<\/p>\n<h5>\u00c9quipe, entreprise partenaire (Evertr\u00e9e)\u00a0<\/h5>\n<\/p>\n<p> <img decoding=\"async\" src=\"https:\/\/serra-grandpalais.fr\/wp-content\/uploads\/2014\/11\/home_furniture_arrow.png\" \/> Envoyer un message<\/p>\n<h2>Contactez nous<\/h2>\n<p>NomFirstLastEmail *Tel :Votre question :G\u00e9neralDiversSupportMessage*Veuillez saisir les caract\u00e8res*<img decoding=\"async\" src=\"image\/png;base64,iVBORw0KGgoAAAANSUhEUgAAAOYAAABQBAMAAAD\/1xTgAAAAG1BMVEX\/\/\/8iIiLj4+PHx8esrKw9PT1ZWVl0dHSQkJCECz0rAAAACXBIWXMAAA7EAAAOxAGVKw4bAAADY0lEQVRoge1XzU\/bMBRPk7T4yNtI4ZgCm3aEjcK1BTZxxNtAHJttXXvE2gQ9NgLW\/dmzn\/NhO6gOVVRpkn8HIObl\/Z7fdzzPwcHBwcHBwcHhv8TJOJoerJfyCTi6ayXtA2KnMYV+bJMgkGHUEOUngO8WkRRg++yC8p\/NUKLblgcqlGTitvMmKAP02e1SmTcAA\/GbX\/dVE5xtfgdbnNLMpx2euk1wDqEbJ9Fy39LseoE1CvXA4NIL4qUiQeEHaotCPSTVtNi70C9DCibWTEAZ54wNK\/jVVWwUnDyJtlbg2HuvP6cwTTQ9vDBgUxMhhW\/TlZKIa4wmjyWvn4pSMTl1B5LCCGbI1sOG7GHR5FQSUDA5\/YTCa+2dIPeob28fz6GTd84oFo8t\/PurKcMpPigx4NKlwYMXc7ZzTpmugjMyIsxV7\/jciztxfsCygDKIVimWFoz8o8U4tze8+pndQQGB7aGw6kt+0JOj8yPAdBXOHlr8tsw\/njKxIRPmrshDJ5p7957XULS\/Cueh4Ax45nzODvxqhLDtT5JSRpSsHJ\/hapy3chwWJ7Sixcdo+0kplGX7lmdyBuends6N6xg1zIsTZnQdT+SpWELaSg0dC8ob9PJAESTcYTexndXzqZIeYrBsmhIUjwJV\/7u7yYOHpabUZ0Dl7e045Amh2NYzOoAnwjeS1PPqu5H2BNfjOrsDMdaCdnWbY1KAKXLh5EBaowpT8TSs2myCp4bujU61baeSLFXWhwQ1EyWXMbMORAgqBW6ij23PH8\/zA1Jt20NJpnASmVZMS6EWnj1T4AZCuaR2ytHBU2X3yOTEVFZ82xGc\/pO+VcvsS6ycLK+DclwBUGMHO5T\/VXJIjIYrauya0ibreOPv4r7VKgokWEBlSPfQLqJcIMgakTaBKDqa2hZtfs1vUmveCLCbG22hhckxVJMrld8rsSpGsVaPbR8U3D3R9exslxWC2Eqnmi7BuX3+B9QiwOH+QxejtkAqDOX4xAtEM3P0tw0ZgWAxM+dsUm9n6Becg+wkfKwamy0Tti+\/IRpFflnE\/Is7qs\/G58AXBVrjC7eH6c3qeHhP8C7tHSFc7t\/\/tqoKRQ0Qa3kWvMvH3qKeGsa3B2upNAz5+T1aK6d3UiPTGsf+34d1Uzo4ODg4ODg4vBz\/APf8hu6dxW7VAAAAAElFTkSuQmCC\" alt=\"CAPTCHA image\" \/><\/p>\n<p> Cela nous aide \u00e0 lutter contre le spam, merci.<\/p>\n<p>EnvoyerThis field should be left blank<a href=\"https:\/\/serra-grandpalais.fr\/wp-admin\/admin.php?page=quform.forms&#038;sp=edit&#038;id=3\">Edit this form<\/a><\/p>\n<p><a href=\"https:\/\/www.instagram.com\/p\/DUqh1FUiJVX\/\" title=\"\"><img decoding=\"async\" src=\"https:\/\/serra-grandpalais.fr\/wp-content\/uploads\/2026\/02\/tess-ayache-equipe-serra.jpg\" alt=\"serra\" \/><\/a><a href=\"https:\/\/serra-grandpalais.fr\/wp-content\/uploads\/2026\/02\/tess-ayache-equipe-serra.jpg#174\" title=\"\">.path{fill:none;stroke:#333;stroke-miterlimit:10;stroke-width:1.5px;}<\/a><a href=\"https:\/\/www.instagram.com\/p\/DUqh1FUiJVX\/\" title=\"\">.path{fill:none;stroke:#333;stroke-miterlimit:10;stroke-width:1.5px;}<\/a><\/p>\n<h4> <\/h4>\n<p><a href=\"https:\/\/www.instagram.com\/creations.de.violette\/\" title=\"\"><img decoding=\"async\" src=\"https:\/\/serra-grandpalais.fr\/wp-content\/uploads\/2026\/02\/Serra-Violette-Grindel.jpg#173\" alt=\"Violette Grindel\" \/><\/a><\/p>\n<h4><a href=\"https:\/\/www.instagram.com\/creations.de.violette\/\"> <\/a><\/h4>\n<p>Violette Grindel<\/p>\n<p>@creations.violette<\/p>\n<h4> <\/h4>\n<p><a href=\"https:\/\/www.instagram.com\/delaronciere_portfolio\/\" title=\"\"><img decoding=\"async\" src=\"https:\/\/serra-grandpalais.fr\/wp-content\/uploads\/2026\/02\/SERRA-Camille-BOUREL-DE-LA-RONCIERE.jpg#170\" alt=\"Camille de la RONCIERE\" \/><\/a><\/p>\n<h4><a href=\"https:\/\/www.instagram.com\/delaronciere_portfolio\/\"> <\/a><\/h4>\n<p>Camille de la Ronci\u00e9re<\/p>\n<p>@delaronciere_portfolio<\/p>\n<h4> <\/h4>\n<p><a href=\"https:\/\/www.instagram.com\/studioayache\/\" title=\"https:\/\/www.instagram.com\/studioayache\/\"><img decoding=\"async\" src=\"https:\/\/serra-grandpalais.fr\/wp-content\/uploads\/2026\/02\/SERRA-Tess-AYACHE.jpg#172\" alt=\"Tess AYACHE SERRA\" \/><\/a><\/p>\n<h4><a href=\"https:\/\/www.instagram.com\/studioayache\/\"> <\/a><\/h4>\n<p>Tess Ayache<\/p>\n<p>@studioayache<\/p>\n<h4> <\/h4>\n<p><a href=\"https:\/\/www.instagram.com\/rubymarier\/\" title=\"\"><img decoding=\"async\" src=\"https:\/\/serra-grandpalais.fr\/wp-content\/uploads\/2026\/02\/SERRA-Marier-Gardner-Ruby.jpg#171\" alt=\"Ruby marier gardner\" \/><\/a><\/p>\n<h4><a href=\"https:\/\/www.instagram.com\/rubymarier\/\"> <\/a><\/h4>\n<p>Ruby Marier Gardner<\/p>\n<p>@rubymarier <\/p>\n<h4> <\/h4>\n<p><a href=\"https:\/\/www.instagram.com\/circuit_court\/\" title=\"\"><img decoding=\"async\" src=\"https:\/\/serra-grandpalais.fr\/wp-content\/uploads\/2026\/02\/copain.jpg#166\" alt=\"C\u00e9sar DUPREY\" \/><\/a><\/p>\n<h4><a href=\"https:\/\/www.instagram.com\/circuit_court\/\"> <\/a><\/h4>\n<p>C\u00e9sar Duprey<\/p>\n<p>@circuits_court<\/p>\n","protected":false},"excerpt":{"rendered":"<p>Le projet Serra est un projet de design durable d\u00e9velopp\u00e9 par des \u00e9tudiants de l\u2019\u00c9cole Camondo \u00e0 Paris. En collaboration avec Unilin et Evertree, il explore<span class=\"excerpt-hellip\"> [\u2026]<\/span><\/p>\n","protected":false},"author":1,"featured_media":-1,"parent":0,"menu_order":0,"comment_status":"open","ping_status":"open","template":"","meta":{"footnotes":""},"class_list":["post-141","page","type-page","status-publish","has-post-thumbnail","hentry"],"yoast_head":"<!-- This site is optimized with the Yoast SEO Premium plugin v21.9 (Yoast SEO v21.9.1) - https:\/\/yoast.com\/wordpress\/plugins\/seo\/ -->\n<title>Serra : poign\u00e9es en MDF biosourc\u00e9 \u2013 Projet \u00c9cole Camondo<\/title>\n<meta name=\"description\" content=\"Serra explore la mati\u00e8re biosourc\u00e9e \u00e0 travers des poign\u00e9es en MDF et r\u00e9sine v\u00e9g\u00e9tale. Un projet design durable sign\u00e9 \u00c9cole Camondo.\" \/>\n<meta name=\"robots\" content=\"index, follow, max-snippet:-1, max-image-preview:large, max-video-preview:-1\" \/>\n<link rel=\"canonical\" href=\"https:\/\/serra-grandpalais.fr\/\" \/>\n<meta property=\"og:locale\" content=\"fr_FR\" \/>\n<meta property=\"og:type\" content=\"article\" \/>\n<meta property=\"og:title\" content=\"Home\" \/>\n<meta property=\"og:description\" content=\"Serra explore la mati\u00e8re biosourc\u00e9e \u00e0 travers des poign\u00e9es en MDF et r\u00e9sine v\u00e9g\u00e9tale. Un projet design durable sign\u00e9 \u00c9cole Camondo.\" \/>\n<meta property=\"og:url\" content=\"https:\/\/serra-grandpalais.fr\/\" \/>\n<meta property=\"og:site_name\" content=\"SERRA\" \/>\n<meta property=\"article:modified_time\" content=\"2026-02-16T17:28:47+00:00\" \/>\n<meta name=\"twitter:card\" content=\"summary_large_image\" \/>\n<meta name=\"twitter:label1\" content=\"Est. reading time\" \/>\n\t<meta name=\"twitter:data1\" content=\"10 minutes\" \/>\n<script type=\"application\/ld+json\" class=\"yoast-schema-graph\">{\"@context\":\"https:\/\/schema.org\",\"@graph\":[{\"@type\":\"WebPage\",\"@id\":\"https:\/\/serra-grandpalais.fr\/\",\"url\":\"https:\/\/serra-grandpalais.fr\/\",\"name\":\"Serra : poign\u00e9es en MDF biosourc\u00e9 \u2013 Projet \u00c9cole Camondo\",\"isPartOf\":{\"@id\":\"https:\/\/serra-grandpalais.fr\/#website\"},\"datePublished\":\"2014-11-11T10:49:05+00:00\",\"dateModified\":\"2026-02-16T17:28:47+00:00\",\"description\":\"Serra explore la mati\u00e8re biosourc\u00e9e \u00e0 travers des poign\u00e9es en MDF et r\u00e9sine v\u00e9g\u00e9tale. Un projet design durable sign\u00e9 \u00c9cole Camondo.\",\"breadcrumb\":{\"@id\":\"https:\/\/serra-grandpalais.fr\/#breadcrumb\"},\"inLanguage\":\"fr-FR\",\"potentialAction\":[{\"@type\":\"ReadAction\",\"target\":[\"https:\/\/serra-grandpalais.fr\/\"]}]},{\"@type\":\"BreadcrumbList\",\"@id\":\"https:\/\/serra-grandpalais.fr\/#breadcrumb\",\"itemListElement\":[{\"@type\":\"ListItem\",\"position\":1,\"name\":\"Home\",\"item\":\"https:\/\/serra-grandpalais.fr\/\"},{\"@type\":\"ListItem\",\"position\":2,\"name\":\"Home\"}]},{\"@type\":\"WebSite\",\"@id\":\"https:\/\/serra-grandpalais.fr\/#website\",\"url\":\"https:\/\/serra-grandpalais.fr\/\",\"name\":\"SERRA\",\"description\":\"Rendre visible l\u2019invisible\",\"publisher\":{\"@id\":\"https:\/\/serra-grandpalais.fr\/#organization\"},\"potentialAction\":[{\"@type\":\"SearchAction\",\"target\":{\"@type\":\"EntryPoint\",\"urlTemplate\":\"https:\/\/serra-grandpalais.fr\/?s={search_term_string}\"},\"query-input\":\"required name=search_term_string\"}],\"inLanguage\":\"fr-FR\"},{\"@type\":\"Organization\",\"@id\":\"https:\/\/serra-grandpalais.fr\/#organization\",\"name\":\"SERRA\",\"url\":\"https:\/\/serra-grandpalais.fr\/\",\"logo\":{\"@type\":\"ImageObject\",\"inLanguage\":\"fr-FR\",\"@id\":\"https:\/\/serra-grandpalais.fr\/#\/schema\/logo\/image\/\",\"url\":\"https:\/\/serra-grandpalais.fr\/wp-content\/uploads\/2026\/02\/serra-logo-250.png\",\"contentUrl\":\"https:\/\/serra-grandpalais.fr\/wp-content\/uploads\/2026\/02\/serra-logo-250.png\",\"width\":205,\"height\":250,\"caption\":\"SERRA\"},\"image\":{\"@id\":\"https:\/\/serra-grandpalais.fr\/#\/schema\/logo\/image\/\"},\"sameAs\":[\"https:\/\/www.instagram.com\/p\/DUqh1FUiJVX\/\"]}]}<\/script>\n<!-- \/ Yoast SEO Premium plugin. -->","yoast_head_json":{"title":"Serra : poign\u00e9es en MDF biosourc\u00e9 \u2013 Projet \u00c9cole Camondo","description":"Serra explore la mati\u00e8re biosourc\u00e9e \u00e0 travers des poign\u00e9es en MDF et r\u00e9sine v\u00e9g\u00e9tale. Un projet design durable sign\u00e9 \u00c9cole Camondo.","robots":{"index":"index","follow":"follow","max-snippet":"max-snippet:-1","max-image-preview":"max-image-preview:large","max-video-preview":"max-video-preview:-1"},"canonical":"https:\/\/serra-grandpalais.fr\/","og_locale":"fr_FR","og_type":"article","og_title":"Home","og_description":"Serra explore la mati\u00e8re biosourc\u00e9e \u00e0 travers des poign\u00e9es en MDF et r\u00e9sine v\u00e9g\u00e9tale. Un projet design durable sign\u00e9 \u00c9cole Camondo.","og_url":"https:\/\/serra-grandpalais.fr\/","og_site_name":"SERRA","article_modified_time":"2026-02-16T17:28:47+00:00","twitter_card":"summary_large_image","twitter_misc":{"Est. reading time":"10 minutes"},"schema":{"@context":"https:\/\/schema.org","@graph":[{"@type":"WebPage","@id":"https:\/\/serra-grandpalais.fr\/","url":"https:\/\/serra-grandpalais.fr\/","name":"Serra : poign\u00e9es en MDF biosourc\u00e9 \u2013 Projet \u00c9cole Camondo","isPartOf":{"@id":"https:\/\/serra-grandpalais.fr\/#website"},"datePublished":"2014-11-11T10:49:05+00:00","dateModified":"2026-02-16T17:28:47+00:00","description":"Serra explore la mati\u00e8re biosourc\u00e9e \u00e0 travers des poign\u00e9es en MDF et r\u00e9sine v\u00e9g\u00e9tale. Un projet design durable sign\u00e9 \u00c9cole Camondo.","breadcrumb":{"@id":"https:\/\/serra-grandpalais.fr\/#breadcrumb"},"inLanguage":"fr-FR","potentialAction":[{"@type":"ReadAction","target":["https:\/\/serra-grandpalais.fr\/"]}]},{"@type":"BreadcrumbList","@id":"https:\/\/serra-grandpalais.fr\/#breadcrumb","itemListElement":[{"@type":"ListItem","position":1,"name":"Home","item":"https:\/\/serra-grandpalais.fr\/"},{"@type":"ListItem","position":2,"name":"Home"}]},{"@type":"WebSite","@id":"https:\/\/serra-grandpalais.fr\/#website","url":"https:\/\/serra-grandpalais.fr\/","name":"SERRA","description":"Rendre visible l\u2019invisible","publisher":{"@id":"https:\/\/serra-grandpalais.fr\/#organization"},"potentialAction":[{"@type":"SearchAction","target":{"@type":"EntryPoint","urlTemplate":"https:\/\/serra-grandpalais.fr\/?s={search_term_string}"},"query-input":"required name=search_term_string"}],"inLanguage":"fr-FR"},{"@type":"Organization","@id":"https:\/\/serra-grandpalais.fr\/#organization","name":"SERRA","url":"https:\/\/serra-grandpalais.fr\/","logo":{"@type":"ImageObject","inLanguage":"fr-FR","@id":"https:\/\/serra-grandpalais.fr\/#\/schema\/logo\/image\/","url":"https:\/\/serra-grandpalais.fr\/wp-content\/uploads\/2026\/02\/serra-logo-250.png","contentUrl":"https:\/\/serra-grandpalais.fr\/wp-content\/uploads\/2026\/02\/serra-logo-250.png","width":205,"height":250,"caption":"SERRA"},"image":{"@id":"https:\/\/serra-grandpalais.fr\/#\/schema\/logo\/image\/"},"sameAs":["https:\/\/www.instagram.com\/p\/DUqh1FUiJVX\/"]}]}},"_links":{"self":[{"href":"https:\/\/serra-grandpalais.fr\/index.php\/wp-json\/wp\/v2\/pages\/141","targetHints":{"allow":["GET"]}}],"collection":[{"href":"https:\/\/serra-grandpalais.fr\/index.php\/wp-json\/wp\/v2\/pages"}],"about":[{"href":"https:\/\/serra-grandpalais.fr\/index.php\/wp-json\/wp\/v2\/types\/page"}],"author":[{"embeddable":true,"href":"https:\/\/serra-grandpalais.fr\/index.php\/wp-json\/wp\/v2\/users\/1"}],"replies":[{"embeddable":true,"href":"https:\/\/serra-grandpalais.fr\/index.php\/wp-json\/wp\/v2\/comments?post=141"}],"version-history":[{"count":6,"href":"https:\/\/serra-grandpalais.fr\/index.php\/wp-json\/wp\/v2\/pages\/141\/revisions"}],"predecessor-version":[{"id":198,"href":"https:\/\/serra-grandpalais.fr\/index.php\/wp-json\/wp\/v2\/pages\/141\/revisions\/198"}],"wp:featuredmedia":[{"embeddable":true,"href":"https:\/\/serra-grandpalais.fr\/index.php\/wp-json\/"}],"wp:attachment":[{"href":"https:\/\/serra-grandpalais.fr\/index.php\/wp-json\/wp\/v2\/media?parent=141"}],"curies":[{"name":"wp","href":"https:\/\/api.w.org\/{rel}","templated":true}]}}